{"id":323,"date":"2025-08-12T02:20:18","date_gmt":"2025-08-12T02:20:18","guid":{"rendered":"https:\/\/fadaf.org.ar\/wordpress_t\/?page_id=323"},"modified":"2025-10-16T01:30:56","modified_gmt":"2025-10-16T01:30:56","slug":"formulario_olvido_su_contrasena-html","status":"publish","type":"page","link":"https:\/\/prueba.fadaf.org.ar\/index.php\/formulario_olvido_su_contrasena-html\/","title":{"rendered":"formulario_olvido_su_contrasena.html"},"content":{"rendered":"<script>window.CONTACT_AJAX_URL=\"https:\/\/prueba.fadaf.org.ar\/wp-admin\/admin-ajax.php\";window.CONTACT_NONCE=\"8e68b6830a\";<\/script>\n\n<style>\n  :root{--bg:#0f172a; --card:#e1e1e1; --heading:#ffffff; --text:#111827; --muted:#6b7280; --primary:#373953; --primary-hover:#2e3046; --ring:#86efac;}\n  *{box-sizing:border-box}\n  .form-page{min-height:40vh; display:grid; place-items:center; padding:24px; background:transparent; font-family:ui-sans-serif,system-ui,-apple-system,Segoe UI,Roboto,Arial,\"Helvetica Neue\";}\n  .form-card{width:100%; max-width:720px; background:#fff; color:var(--text); border-radius:16px; padding:18px; box-shadow:0 10px 30px rgba(0,0,0,.12); border:1px solid rgba(0,0,0,.06);}\n  .form-title{text-align:center; margin:-18px -18px 12px; padding:12px 16px; border-radius:16px 16px 0 0; background:var(--primary); color:var(--heading); font-weight:700; font-size:18px; letter-spacing:.5px;}\n  .grid{display:grid; grid-template-columns: repeat(2, minmax(0,1fr)); gap:14px}\n  .field{display:flex; flex-direction:column; gap:6px}\n  .label{font-size:13px; color:#374151}\n  .input,.select,.textarea{width:100%; background:#fff; color:var(--text); border:1px solid #cbd5e1; border-radius:10px; padding:10px 12px; font-size:15px; transition:border-color .15s, box-shadow .15s;}\n  .textarea{min-height:120px; resize:vertical}\n  .input:focus,.select:focus,.textarea:focus{outline:none; border-color:var(--ring); box-shadow:0 0 0 4px rgba(134,239,172,.25)}\n  .actions{display:flex; justify-content:flex-end; margin-top:12px}\n  .btn{border:0; padding:12px 16px; border-radius:10px; font-weight:700; font-size:15px; background:var(--primary); color:#fff; cursor:pointer; box-shadow:0 8px 20px rgba(55,57,83,.35);}\n  .btn:hover{background:var(--primary-hover)}\n  .alert{display:none; margin-bottom:12px; padding:10px 12px; border-radius:10px; font-size:14px; border:1px solid;}\n  .alert.error{background:#fff1f2; color:#991b1b; border-color:#fecdd3}\n  .alert.ok{background:#ecfdf5; color:#065f46; border-color:#a7f3d0}\n  @media (max-width:640px){ .grid{grid-template-columns:1fr} }\n<\/style>\n\n<section class=\"form-page\">\n  <form class=\"form-card\" id=\"FORM_OLVIDO\" novalidate>\n    <div class=\"form-title\">OLVID\u00c9 MI USUARIO \/ CONTRASE\u00d1A<\/div>\n\n    <div id=\"msg_olvido\" class=\"alert\"><\/div>\n\n    <div class=\"grid\">\n      <div class=\"field\">\n        <label class=\"label\" for=\"tipo_usuario\">Usuario<\/label>\n        <select class=\"select\" id=\"tipo_usuario\" name=\"tipo_usuario\" required>\n          <option value=\"ASOCIACION\" selected>ASOCIACION<\/option>\n          <option value=\"DELEGADO\">DELEGADO<\/option>\n          <option value=\"EMPRESA\">EMPRESA<\/option>\n        <\/select>\n      <\/div>\n\n      <div class=\"field\">\n        <label class=\"label\" for=\"tipo_consulta\">Consulta<\/label>\n        <select class=\"select\" id=\"tipo_consulta\" name=\"tipo_consulta\" required>\n          <option value=\"OLVIDO SU USUARIO\">OLVIDO SU USUARIO<\/option>\n          <option value=\"OLVIDO USUARIO Y CONTRASE\u00d1A\">OLVIDO USUARIO Y CONTRASE\u00d1A<\/option>\n        <\/select>\n      <\/div>\n\n      <div class=\"field\">\n        <label class=\"label\" for=\"tipo_nombre\">Nombre<\/label>\n        <input class=\"input\" id=\"tipo_nombre\" name=\"tipo_nombre\" type=\"text\" placeholder=\"Nombre y Apellido\" required>\n      <\/div>\n\n      <div class=\"field\">\n        <label class=\"label\" for=\"tel\">Tel\u00e9fono<\/label>\n        <input class=\"input\" id=\"tel\" name=\"tel\" type=\"tel\" inputmode=\"tel\" autocomplete=\"tel\" placeholder=\"+54 11 1234-5678\" required>\n      <\/div>\n\n      <div class=\"field\" style=\"grid-column:1\/-1\">\n        <label class=\"label\" for=\"mail\">Email<\/label>\n        <input class=\"input\" id=\"mail\" name=\"mail\" type=\"email\" autocomplete=\"email\" placeholder=\"nombre@dominio.com\" required>\n      <\/div>\n\n      <div class=\"field\" style=\"grid-column:1\/-1\">\n        <label class=\"label\" for=\"msj\">Consulta<\/label>\n        <textarea class=\"textarea\" id=\"msj\" name=\"msj\" rows=\"5\" placeholder=\"Contanos tu caso...\" required><\/textarea>\n      <\/div>\n    <\/div>\n\n    <div class=\"actions\">\n      <button class=\"btn\" type=\"submit\">ENVIAR<\/button>\n    <\/div>\n  <\/form>\n<\/section>\n\n<script>\n(function(){\n  const form = document.getElementById('FORM_OLVIDO');\n  const msg  = document.getElementById('msg_olvido');\n\n  function show(type, text){ msg.className = 'alert ' + (type==='ok'?'ok':'error'); msg.textContent = text; msg.style.display='block'; }\n  function clearMsg(){ msg.style.display='none'; msg.textContent=''; }\n\n  form.addEventListener('submit', async (e)=>{\n    e.preventDefault();\n    clearMsg();\n\n    const fd = new FormData(form);\n    const required = ['tipo_usuario','tipo_consulta','tipo_nombre','tel','mail','msj'];\n    for (const k of required){ if (!(fd.get(k)||'').toString().trim()){ show('error','Complet\u00e1 todos los campos.'); return; } }\n    const email = (fd.get('mail')||'').toString().trim();\n    if (!\/^[^\\s@]+@[^\\s@]+\\.[^\\s@]+$\/.test(email)){ show('error','Ingres\u00e1 un email v\u00e1lido.'); return; }\n\n    fd.set('action','fadaf_contacto_nuevo');\n    if (typeof window.CONTACT_NONCE!=='undefined') fd.set('_ajax_nonce', window.CONTACT_NONCE);\n\n    const AJAX_URL = typeof window.CONTACT_AJAX_URL!=='undefined' ? window.CONTACT_AJAX_URL : '\/wp-admin\/admin-ajax.php';\n\n    try{\n      const res = await fetch(AJAX_URL, { method:'POST', credentials:'same-origin', body: fd });\n      const json = await res.json();\n      if (!json.success) throw new Error(json.data && json.data.message ? json.data.message : 'No se pudo enviar.');\n      show('ok','\u00a1Gracias! Tu consulta fue enviada correctamente.');\n      form.reset();\n    }catch(err){\n      show('error', err.message);\n      console.error(err);\n    }\n  });\n})();\n<\/script>\n\n\n\n<p><\/p>\n\n\n\n<div class=\"wp-block-group alignfull has-global-padding is-layout-constrained wp-container-core-group-is-layout-d2248eb0 wp-block-group-is-layout-constrained\" style=\"margin-top:var(--wp--preset--spacing--10);margin-bottom:var(--wp--preset--spacing--10);padding-top:var(--wp--preset--spacing--20);padding-right:var(--wp--preset--spacing--50);padding-bottom:var(--wp--preset--spacing--20);padding-left:var(--wp--preset--spacing--50)\">\n<div class=\"wp-block-group alignwide has-global-padding is-layout-constrained wp-block-group-is-layout-constrained\">\n<div class=\"wp-block-query alignwide is-layout-flow wp-block-query-is-layout-flow\">\n\n\n<p class=\"has-text-align-right\"><strong>Rivadavia 822 &#8211; Ciudad Aut\u00f3noma de Buenos Aires<\/strong><\/p>\n\n\n\n<p class=\"has-text-align-right\"><strong>+549 (011) 4331-1221 \/ +549 (011) 4342-6182<\/strong><\/p>\n\n\n\n<p class=\"has-text-align-right\"><strong>presidencia@fadaf.org.ar \/ secretaria@fadaf.org.ar<\/strong><\/p>\n\n\n\n<p><\/p>\n\n\n\n<p><\/p>\n<\/div>\n<\/div>\n<\/div>\n","protected":false},"excerpt":{"rendered":"<p>OLVID\u00c9 MI USUARIO \/ CONTRASE\u00d1A Usuario ASOCIACIONDELEGADOEMPRESA Consulta OLVIDO SU USUARIOOLVIDO USUARIO Y CONTRASE\u00d1A Nombre Tel\u00e9fono Email Consulta ENVIAR<\/p>\n","protected":false},"author":1,"featured_media":0,"parent":0,"menu_order":0,"comment_status":"closed","ping_status":"closed","template":"","meta":{"footnotes":""},"class_list":["post-323","page","type-page","status-publish","hentry"],"_links":{"self":[{"href":"https:\/\/prueba.fadaf.org.ar\/index.php\/wp-json\/wp\/v2\/pages\/323","targetHints":{"allow":["GET"]}}],"collection":[{"href":"https:\/\/prueba.fadaf.org.ar\/index.php\/wp-json\/wp\/v2\/pages"}],"about":[{"href":"https:\/\/prueba.fadaf.org.ar\/index.php\/wp-json\/wp\/v2\/types\/page"}],"author":[{"embeddable":true,"href":"https:\/\/prueba.fadaf.org.ar\/index.php\/wp-json\/wp\/v2\/users\/1"}],"replies":[{"embeddable":true,"href":"https:\/\/prueba.fadaf.org.ar\/index.php\/wp-json\/wp\/v2\/comments?post=323"}],"version-history":[{"count":15,"href":"https:\/\/prueba.fadaf.org.ar\/index.php\/wp-json\/wp\/v2\/pages\/323\/revisions"}],"predecessor-version":[{"id":491,"href":"https:\/\/prueba.fadaf.org.ar\/index.php\/wp-json\/wp\/v2\/pages\/323\/revisions\/491"}],"wp:attachment":[{"href":"https:\/\/prueba.fadaf.org.ar\/index.php\/wp-json\/wp\/v2\/media?parent=323"}],"curies":[{"name":"wp","href":"https:\/\/api.w.org\/{rel}","templated":true}]}}